{"id":2647,"date":"2024-05-08T09:13:39","date_gmt":"2024-05-08T09:13:39","guid":{"rendered":"http:\/\/ostech-demo.local\/?page_id=19"},"modified":"2025-09-03T21:48:23","modified_gmt":"2025-09-03T21:48:23","slug":"about","status":"publish","type":"page","link":"https:\/\/prueba.tu-gps.com\/index.php\/about\/","title":{"rendered":"Quienes somos"},"content":{"rendered":"\t\t<div data-elementor-type=\"wp-page\" data-elementor-id=\"2647\" class=\"elementor elementor-2647\" data-elementor-post-type=\"page\">\n\t\t\t\t<div class=\"elementor-element elementor-element-3d2c8b4 e-con-full e-flex e-con e-parent\" data-id=\"3d2c8b4\" data-element_type=\"container\">\n\t\t\t\t<div class=\"elementor-element elementor-element-945796a elementor-widget elementor-widget-ostech-about\" data-id=\"945796a\" data-element_type=\"widget\" data-widget_type=\"ostech-about.default\">\n\t\t\t\t<div class=\"elementor-widget-container\">\n\t\t\t\t\t    <!-- About section Start -->\r\n    <section class=\"about-two\">\r\n        <div class=\"container\">\r\n            <div class=\"row \">\r\n                <div class=\"col-lg-6\">\r\n                    <div class=\"about-two__left wow fadeInLeft\" data-wow-delay=\"300ms\">\r\n                        <div class=\"about-two__thumb\">\r\n                            <div class=\"about-two__thumb__item about-two__thumb__item--one\">\r\n                                <img decoding=\"async\" src=\"https:\/\/prueba.tu-gps.com\/wp-content\/uploads\/2025\/06\/camionero1.png\" alt=\"camionero1\" title=\"camionero1\" >                            <\/div>\r\n                            <div class=\"about-two__thumb__item about-two__thumb__item--two\">\r\n                                <img decoding=\"async\" src=\"https:\/\/prueba.tu-gps.com\/wp-content\/uploads\/2025\/06\/camionero-3.png\" alt=\"camionero 3\" title=\"camionero 3\" >                            <\/div>\r\n                            <div class=\"about-two__thumb__award\">\r\n                                <i class=\"icon-award\"><\/i>\r\n                            <\/div>\r\n                                                            <div class=\"about-two__thumb__icon\">\r\n                                    <span class=\"about-two__thumb__icon__box\">\r\n                                        <img decoding=\"async\" src=\"https:\/\/prueba.tu-gps.com\/wp-content\/uploads\/2025\/06\/icono-1.png\" width=\"52\" alt=\"ostech logo\">\r\n                                    <\/span>\r\n                                <\/div>\r\n                                                    <\/div>\r\n                    <\/div>\r\n                <\/div>\r\n                <div class=\"col-lg-6 wow fadeInRight\" data-wow-delay=\"300ms\">\r\n                    <div class=\"about-two__right\">\r\n                        <div class=\"about-two__top\">\r\n                            <div class=\"sec-title wow fadeInUp\" data-wow-duration='1500ms' data-wow-delay='000ms'>\r\n                                <div class=\"d-flex align-items-center justify-content-start\">\r\n                                    <img decoding=\"async\" src=\"https:\/\/prueba.tu-gps.com\/wp-content\/uploads\/2024\/05\/sec-title-s-1.png\" alt=\"sec-title-s-1\" title=\"sec-title-s-1\" class=\"sec-title__img\" >                                    <h6 class=\"sec-title__tagline\">SOBRE NOSOTROS<\/h6>                                <\/div>\r\n                                <h3 class=\"sec-title__title\">En TU GPS, nos especializamos en ofrecer soluciones avanzadas de rastreo satelital<\/h3>                            <\/div>\r\n                            <p class=\"about-two__top__text\">Gesti\u00f3n de flotas para todo tipo de veh\u00edculos en Ecuador. Nuestra misi\u00f3n es brindar seguridad, control y eficiencia a nuestros clientes a trav\u00e9s de tecnolog\u00eda de vanguardia y un servicio personalizado.<\/p>                        <\/div>\r\n                        <div class=\"about-two__ostech__item\" style=\"background-image: url(https:\/\/prueba.tu-gps.com\/wp-content\/uploads\/2025\/06\/camionero-2.png);\">\r\n                            <div class=\"about-two__ostech__item__inner\">\r\n                                <div class=\"about-two__ostech__item__icon\">\r\n                                    <i aria-hidden=\"true\" class=\"far fa-compass\"><\/i>                                <\/div>\r\n                                <div class=\"about-two__ostech__item__content\">\r\n                                    <h4 class=\"about-two__ostech__item__title\">Contamos con una plataforma de monitoreo en tiempo real<\/h4>\r\n                                    <p class=\"about-two__ostech__item__text\">Que actualiza la ubicaci\u00f3n de los veh\u00edculos cada 10 segundos, proporcionando datos precisos sobre estado, velocidad y kilometraje. <\/p>\r\n                                <\/div>\r\n                            <\/div>\r\n                        <\/div>\r\n                        <div class=\"about-two__feature\">\r\n                                                            <div class=\"about-two__feature__item\">\r\n                                    <div class=\"about-two__feature__top\">\r\n                                        <div class=\"about-two__feature__top__icon\">\r\n                                            <i aria-hidden=\"true\" class=\"icon-nanotechnology-1\"><\/i>                                        <\/div>\r\n                                        <h4 class=\"about-two__feature__top__title\"> Telemetr\u00eda avanzada<\/h4>\r\n                                    <\/div>\r\n                                    <p class=\"about-two__feature__item__text\">Adapt\u00e1ndonos a las necesidades espec\u00edficas de cada cliente<\/p>\r\n                                <\/div>\r\n                                                            <div class=\"about-two__feature__item\">\r\n                                    <div class=\"about-two__feature__top\">\r\n                                        <div class=\"about-two__feature__top__icon\">\r\n                                            <i aria-hidden=\"true\" class=\" icon-it-service-1\"><\/i>                                        <\/div>\r\n                                        <h4 class=\"about-two__feature__top__title\">Supervisi\u00f3n detallada y continua<\/h4>\r\n                                    <\/div>\r\n                                    <p class=\"about-two__feature__item__text\">En TU GPS, cada cliente cuenta con un asesor dedicado, disponible 24\/7<\/p>\r\n                                <\/div>\r\n                                                    <\/div>\r\n                                                    <div class=\"about-two__btn\">\r\n                                <a href=\"#\"  class=\"ostech-btn\">\r\n                                    <span>Descubre mas <\/span>\r\n                                <\/a>\r\n                            <\/div>\r\n                                            <\/div>\r\n                <\/div>\r\n            <\/div>\r\n        <\/div>\r\n    <\/section>\r\n    <!-- About section End -->\r\n\t\t\t\t<\/div>\n\t\t\t\t<\/div>\n\t\t\t\t<\/div>\n\t\t<div class=\"elementor-element elementor-element-25ee13a e-con-full e-flex e-con e-parent\" data-id=\"25ee13a\" data-element_type=\"container\">\n\t\t\t\t<div class=\"elementor-element elementor-element-a9adc89 elementor-widget elementor-widget-ostech-sponsors\" data-id=\"a9adc89\" data-element_type=\"widget\" data-widget_type=\"ostech-sponsors.default\">\n\t\t\t\t<div class=\"elementor-widget-container\">\n\t\t\t\t\t    <div class=\"client-carousel client-carousel-one \">\r\n        <div class=\"container\">\r\n            <div class=\"client-carousel__one ostech-owl__carousel owl-theme owl-carousel\" data-owl-options='{&quot;loop&quot;:true,&quot;margin&quot;:0,&quot;items&quot;:1,&quot;nav&quot;:true,&quot;dots&quot;:false,&quot;smartSpeed&quot;:700,&quot;autoplay&quot;:true,&quot;autoplayTimeout&quot;:5000,&quot;animateOut&quot;:&quot;&quot;,&quot;animateIn&quot;:&quot;&quot;,&quot;autoplayHoverPause&quot;:true,&quot;navText&quot;:[&quot;&lt;span class=\\&quot; fa fa-angle-left \\&quot;&gt;&lt;\\\/span&gt;&quot;,&quot;&lt;span class=\\&quot; fa fa-angle-right \\&quot;&gt;&lt;\\\/span&gt;&quot;],&quot;responsive&quot;:{&quot;0&quot;:{&quot;margin&quot;:0,&quot;items&quot;:1},&quot;360&quot;:{&quot;margin&quot;:0,&quot;items&quot;:2},&quot;574&quot;:{&quot;margin&quot;:30,&quot;items&quot;:3},&quot;575&quot;:{&quot;margin&quot;:30,&quot;items&quot;:3},&quot;768&quot;:{&quot;margin&quot;:30,&quot;items&quot;:3},&quot;992&quot;:{&quot;margin&quot;:40,&quot;items&quot;:4},&quot;1200&quot;:{&quot;margin&quot;:40,&quot;items&quot;:5}}}'>\r\n                                    <div class=\"client-carousel__one__item\">\r\n                        <img decoding=\"async\" src=\"https:\/\/prueba.tu-gps.com\/wp-content\/uploads\/2025\/05\/grupo-vaca-1.png\" alt=\"grupo vaca 1\" title=\"grupo vaca 1\" >                    <\/div><!-- \/.owl-slide-item-->\r\n                                    <div class=\"client-carousel__one__item\">\r\n                        <img decoding=\"async\" src=\"https:\/\/prueba.tu-gps.com\/wp-content\/uploads\/2025\/05\/pofasa.png\" alt=\"pofasa\" title=\"pofasa\" >                    <\/div><!-- \/.owl-slide-item-->\r\n                                    <div class=\"client-carousel__one__item\">\r\n                        <img decoding=\"async\" src=\"https:\/\/prueba.tu-gps.com\/wp-content\/uploads\/2025\/05\/gruas-murillo-2.png\" alt=\"gruas murillo 2\" title=\"gruas murillo 2\" >                    <\/div><!-- \/.owl-slide-item-->\r\n                                    <div class=\"client-carousel__one__item\">\r\n                        <img decoding=\"async\" src=\"https:\/\/prueba.tu-gps.com\/wp-content\/uploads\/2025\/05\/cogarep.png\" alt=\"cogarep\" title=\"cogarep\" >                    <\/div><!-- \/.owl-slide-item-->\r\n                                    <div class=\"client-carousel__one__item\">\r\n                        <img decoding=\"async\" src=\"https:\/\/prueba.tu-gps.com\/wp-content\/uploads\/2025\/05\/trailer1.png\" alt=\"trailer1\" title=\"trailer1\" >                    <\/div><!-- \/.owl-slide-item-->\r\n                                    <div class=\"client-carousel__one__item\">\r\n                        <img decoding=\"async\" src=\"https:\/\/prueba.tu-gps.com\/wp-content\/uploads\/2025\/05\/asinso.png\" alt=\"asinso\" title=\"asinso\" >                    <\/div><!-- \/.owl-slide-item-->\r\n                                    <div class=\"client-carousel__one__item\">\r\n                        <img decoding=\"async\" src=\"https:\/\/prueba.tu-gps.com\/wp-content\/uploads\/2025\/05\/exius1.png\" alt=\"exius1\" title=\"exius1\" >                    <\/div><!-- \/.owl-slide-item-->\r\n                                    <div class=\"client-carousel__one__item\">\r\n                        <img decoding=\"async\" src=\"https:\/\/prueba.tu-gps.com\/wp-content\/uploads\/2025\/05\/pilicta1.png\" alt=\"pilicta1\" title=\"pilicta1\" >                    <\/div><!-- \/.owl-slide-item-->\r\n                                    <div class=\"client-carousel__one__item\">\r\n                        <img decoding=\"async\" src=\"https:\/\/prueba.tu-gps.com\/wp-content\/uploads\/2025\/05\/insigtht-build.png\" alt=\"insigtht build\" title=\"insigtht build\" >                    <\/div><!-- \/.owl-slide-item-->\r\n                                    <div class=\"client-carousel__one__item\">\r\n                        <img decoding=\"async\" src=\"https:\/\/prueba.tu-gps.com\/wp-content\/uploads\/2025\/05\/Jaime-Roldos.png\" alt=\"Jaime Roldos\" title=\"Jaime Roldos\" >                    <\/div><!-- \/.owl-slide-item-->\r\n                                    <div class=\"client-carousel__one__item\">\r\n                        <img decoding=\"async\" src=\"https:\/\/prueba.tu-gps.com\/wp-content\/uploads\/2025\/05\/transtermico-b.png\" alt=\"transtermico b\" title=\"transtermico b\" >                    <\/div><!-- \/.owl-slide-item-->\r\n                                    <div class=\"client-carousel__one__item\">\r\n                        <img decoding=\"async\" src=\"https:\/\/prueba.tu-gps.com\/wp-content\/uploads\/2025\/05\/PILICITA.png\" alt=\"PILICITA\" title=\"PILICITA\" >                    <\/div><!-- \/.owl-slide-item-->\r\n                                    <div class=\"client-carousel__one__item\">\r\n                        <img decoding=\"async\" src=\"https:\/\/prueba.tu-gps.com\/wp-content\/uploads\/2025\/05\/cabrera-1.png\" alt=\"cabrera 1\" title=\"cabrera 1\" >                    <\/div><!-- \/.owl-slide-item-->\r\n                                    <div class=\"client-carousel__one__item\">\r\n                        <img decoding=\"async\" src=\"https:\/\/prueba.tu-gps.com\/wp-content\/uploads\/2025\/05\/oro1.png\" alt=\"oro1\" title=\"oro1\" >                    <\/div><!-- \/.owl-slide-item-->\r\n                                    <div class=\"client-carousel__one__item\">\r\n                        <img decoding=\"async\" src=\"https:\/\/prueba.tu-gps.com\/wp-content\/uploads\/2025\/06\/11.png\" alt=\"11\" title=\"11\" >                    <\/div><!-- \/.owl-slide-item-->\r\n                                    <div class=\"client-carousel__one__item\">\r\n                        <img decoding=\"async\" src=\"https:\/\/prueba.tu-gps.com\/wp-content\/uploads\/2025\/06\/canino.png\" alt=\"canino\" title=\"canino\" >                    <\/div><!-- \/.owl-slide-item-->\r\n                                    <div class=\"client-carousel__one__item\">\r\n                        <img decoding=\"async\" src=\"https:\/\/prueba.tu-gps.com\/wp-content\/uploads\/2025\/06\/pena.png\" alt=\"pen\u0303a\" title=\"pen\u0303a\" >                    <\/div><!-- \/.owl-slide-item-->\r\n                                    <div class=\"client-carousel__one__item\">\r\n                        <img decoding=\"async\" src=\"https:\/\/prueba.tu-gps.com\/wp-content\/uploads\/2025\/06\/workers.png\" alt=\"workers\" title=\"workers\" >                    <\/div><!-- \/.owl-slide-item-->\r\n                                    <div class=\"client-carousel__one__item\">\r\n                        <img decoding=\"async\" src=\"https:\/\/prueba.tu-gps.com\/wp-content\/uploads\/2025\/06\/surty.png\" alt=\"surty\" title=\"surty\" >                    <\/div><!-- \/.owl-slide-item-->\r\n                                    <div class=\"client-carousel__one__item\">\r\n                        <img decoding=\"async\" src=\"https:\/\/prueba.tu-gps.com\/wp-content\/uploads\/2025\/06\/vence.png\" alt=\"vence\" title=\"vence\" >                    <\/div><!-- \/.owl-slide-item-->\r\n                                    <div class=\"client-carousel__one__item\">\r\n                        <img decoding=\"async\" src=\"https:\/\/prueba.tu-gps.com\/wp-content\/uploads\/2025\/06\/111.png\" alt=\"111\" title=\"111\" >                    <\/div><!-- \/.owl-slide-item-->\r\n                                    <div class=\"client-carousel__one__item\">\r\n                        <img decoding=\"async\" src=\"https:\/\/prueba.tu-gps.com\/wp-content\/uploads\/2025\/06\/truck.png\" alt=\"truck\" title=\"truck\" >                    <\/div><!-- \/.owl-slide-item-->\r\n                            <\/div><!-- \/.thm-owl__slider -->\r\n        <\/div><!-- \/.container -->\r\n    <\/div><!-- \/.client-carousel -->\r\n\t\t\t\t<\/div>\n\t\t\t\t<\/div>\n\t\t\t\t<\/div>\n\t\t<div class=\"elementor-element elementor-element-10b14282 e-con-full e-flex e-con e-parent\" data-id=\"10b14282\" data-element_type=\"container\">\n\t\t\t\t<div class=\"elementor-element elementor-element-11c3668b elementor-widget elementor-widget-ostech-features\" data-id=\"11c3668b\" data-element_type=\"widget\" data-widget_type=\"ostech-features.default\">\n\t\t\t\t<div class=\"elementor-widget-container\">\n\t\t\t\t\t\r\n\t<!-- Benefit section Start -->\r\n\t<section class=\"benefit-one\">\r\n\t\t<div class=\"container\">\r\n\t\t\t<div class=\"row\">\r\n\t\t\t\t<div class=\"col-lg-6\">\r\n\t\t\t\t\t<div class=\"benefit-one__left\">\r\n\t\t\t\t\t\t<div class=\"benefit-one__thumb  wow fadeInLeft\" data-wow-delay=\"700ms\">\r\n\t\t\t\t\t\t\t<img decoding=\"async\" src=\"https:\/\/prueba.tu-gps.com\/wp-content\/uploads\/2025\/09\/baner-1.png\" alt=\"baner 1\" title=\"baner 1\" >\t\t\t\t\t\t<\/div>\r\n\t\t\t\t\t<\/div>\r\n\t\t\t\t<\/div>\r\n\t\t\t\t<div class=\"col-lg-6\">\r\n\t\t\t\t\t<div class=\"benefit-one__right\">\r\n\t\t\t\t\t\t\t\t\t\t\t\t\t<div class=\"benefit-one__top\">\r\n\t\t\t\t\t\t\t\t<div class=\"sec-title sec-title--two wow fadeInUp\" data-wow-duration='1500ms' data-wow-delay='000ms'>\r\n\t\t\t\t\t\t\t\t\t\t\t\t\t\t\t\t\t\t\t<div class=\"d-flex align-items-center justify-content-start\">\r\n\t\t\t\t\t\t\t\t\t\t\t\t\t\t\t\t\t\t\t\t\t\t<div class=\"sec-title__tagline\">Nace ya hace 10 a\u00f1os<\/div>\t\t\t\t\t\t\t\t\t\t<\/div>\r\n\t\t\t\t\t\t\t\t\t\t\t\t\t\t\t\t\t\t<h3 class=\"sec-title__title\">Nuestra historia<\/h3>\t\t\t\t\t\t\t\t<\/div>\r\n\t\t\t\t\t\t\t<\/div>\r\n\t\t\t\t\t\t\t\t\t\t\t\t<div class=\"benefit-one__feature\">\r\n\t\t\t\t\t\t\t\t\t\t\t\t\t<\/div>\r\n\t\t\t\t\t\t\t\t\t\t\t\t\t<ul class=\"list-unstyled benefit-one__list  wow fadeInUp ml-0\" data-wow-delay=\"500ms\">\r\n\t\t\t\t\t\t\t\t\t\t\t\t\t\t\t\t\t<li class=\"benefit-one__list__item\">\r\n\t\t\t\t\t\t\t\t\t\t<i aria-hidden=\"true\" class=\"fas fa-check-circle\"><\/i>\t\t\t\t\t\t\t\t\t\t2015 Inicio humilde con una idea: proteger veh\u00edculos mediante tecnolog\u00eda. El fundador comenz\u00f3 tocando puertas, explicando a due\u00f1os de transporte pesado c\u00f3mo optimizar recursos.\t\t\t\t\t\t\t\t\t<\/li>\r\n\t\t\t\t\t\t\t\t\t\t\t\t\t\t\t\t\t<li class=\"benefit-one__list__item\">\r\n\t\t\t\t\t\t\t\t\t\t<i aria-hidden=\"true\" class=\"fas fa-check-circle\"><\/i>\t\t\t\t\t\t\t\t\t\t2017 La idea se convierte en empresa: TU GPS se constituye legalmente en Ecuador, marcando el inicio de una trayectoria formal.\t\t\t\t\t\t\t\t\t<\/li>\r\n\t\t\t\t\t\t\t\t\t\t\t\t\t\t\t\t\t<li class=\"benefit-one__list__item\">\r\n\t\t\t\t\t\t\t\t\t\t<i aria-hidden=\"true\" class=\"fas fa-check-circle\"><\/i>\t\t\t\t\t\t\t\t\t\tCrecimiento constante Paso a paso, con cada cliente y cada historial de servicio, hemos fortalecido nuestra dedicaci\u00f3n y confianza.\t\t\t\t\t\t\t\t\t<\/li>\r\n\t\t\t\t\t\t\t\t\t\t\t\t\t\t\t\t\t<li class=\"benefit-one__list__item\">\r\n\t\t\t\t\t\t\t\t\t\t<i aria-hidden=\"true\" class=\"fas fa-check-circle\"><\/i>\t\t\t\t\t\t\t\t\t\tHoy Contamos con plataforma propia, consola de monitoreo 24\/7, atenci\u00f3n personalizada y, sobre todo, amplia experiencia en recuperaci\u00f3n de camiones, lo que nos diferencia en el mercado ecuatoriano.\t\t\t\t\t\t\t\t\t<\/li>\r\n\t\t\t\t\t\t\t\t\t\t\t\t\t\t\t<\/ul>\r\n\t\t\t\t\t\t\t\t\t\t\t<\/div>\r\n\t\t\t\t\t\t\t\t\t<\/div>\r\n\t\t\t<\/div>\r\n\t\t<\/div>\r\n\t\t\t<\/section>\r\n\t<!-- Benefit section End -->\r\n\t\t\t\t<\/div>\n\t\t\t\t<\/div>\n\t\t\t\t<\/div>\n\t\t\t\t<\/div>\n\t\t","protected":false},"excerpt":{"rendered":"<p>SOBRE NOSOTROS En TU GPS, nos especializamos en ofrecer soluciones avanzadas de rastreo satelital Gesti\u00f3n de flotas para todo tipo de veh\u00edculos en Ecuador. Nuestra misi\u00f3n es brindar seguridad, control y eficiencia a nuestros clientes a trav\u00e9s de tecnolog\u00eda de vanguardia y un servicio personalizado. Contamos con una plataforma de monitoreo en tiempo real Que [&hellip;]<\/p>\n","protected":false},"author":1,"featured_media":0,"parent":0,"menu_order":0,"comment_status":"closed","ping_status":"closed","template":"elementor_header_footer","meta":{"footnotes":""},"class_list":["post-2647","page","type-page","status-publish","hentry"],"_links":{"self":[{"href":"https:\/\/prueba.tu-gps.com\/index.php\/wp-json\/wp\/v2\/pages\/2647","targetHints":{"allow":["GET"]}}],"collection":[{"href":"https:\/\/prueba.tu-gps.com\/index.php\/wp-json\/wp\/v2\/pages"}],"about":[{"href":"https:\/\/prueba.tu-gps.com\/index.php\/wp-json\/wp\/v2\/types\/page"}],"author":[{"embeddable":true,"href":"https:\/\/prueba.tu-gps.com\/index.php\/wp-json\/wp\/v2\/users\/1"}],"replies":[{"embeddable":true,"href":"https:\/\/prueba.tu-gps.com\/index.php\/wp-json\/wp\/v2\/comments?post=2647"}],"version-history":[{"count":56,"href":"https:\/\/prueba.tu-gps.com\/index.php\/wp-json\/wp\/v2\/pages\/2647\/revisions"}],"predecessor-version":[{"id":2968,"href":"https:\/\/prueba.tu-gps.com\/index.php\/wp-json\/wp\/v2\/pages\/2647\/revisions\/2968"}],"wp:attachment":[{"href":"https:\/\/prueba.tu-gps.com\/index.php\/wp-json\/wp\/v2\/media?parent=2647"}],"curies":[{"name":"wp","href":"https:\/\/api.w.org\/{rel}","templated":true}]}}